{"id":5120,"date":"2026-03-22T18:47:35","date_gmt":"2026-03-22T18:47:35","guid":{"rendered":"https:\/\/blog-stage.warmy.io\/?page_id=5120"},"modified":"2026-04-02T15:50:16","modified_gmt":"2026-04-02T15:50:16","slug":"homepage","status":"publish","type":"page","link":"https:\/\/www.warmy.io\/blog\/es\/","title":{"rendered":"Blog de Warmy"},"content":{"rendered":"","protected":false},"excerpt":{"rendered":"<p>Convierte tus correos electr\u00f3nicos en una fuente de ingresos. Descubre c\u00f3mo llegar a la bandeja de entrada y calentar tus dominios mientras proteges tu reputaci\u00f3n.<\/p>\n","protected":false},"author":1,"featured_media":0,"parent":0,"menu_order":0,"comment_status":"closed","ping_status":"closed","template":"home-page.php","meta":{"footnotes":""},"class_list":["post-5120","page","type-page","status-publish","hentry"],"acf":[],"lang":"es","translations":{"es":5120,"en":3547},"pll_sync_post":[],"_links":{"self":[{"href":"https:\/\/www.warmy.io\/blog\/wp-json\/wp\/v2\/pages\/5120","targetHints":{"allow":["GET"]}}],"collection":[{"href":"https:\/\/www.warmy.io\/blog\/wp-json\/wp\/v2\/pages"}],"about":[{"href":"https:\/\/www.warmy.io\/blog\/wp-json\/wp\/v2\/types\/page"}],"author":[{"embeddable":true,"href":"https:\/\/www.warmy.io\/blog\/wp-json\/wp\/v2\/users\/1"}],"replies":[{"embeddable":true,"href":"https:\/\/www.warmy.io\/blog\/wp-json\/wp\/v2\/comments?post=5120"}],"version-history":[{"count":4,"href":"https:\/\/www.warmy.io\/blog\/wp-json\/wp\/v2\/pages\/5120\/revisions"}],"predecessor-version":[{"id":5605,"href":"https:\/\/www.warmy.io\/blog\/wp-json\/wp\/v2\/pages\/5120\/revisions\/5605"}],"wp:attachment":[{"href":"https:\/\/www.warmy.io\/blog\/wp-json\/wp\/v2\/media?parent=5120"}],"curies":[{"name":"wp","href":"https:\/\/api.w.org\/{rel}","templated":true}]}}